{"id":3659,"date":"2023-01-04T11:16:09","date_gmt":"2023-01-04T10:16:09","guid":{"rendered":"https:\/\/web4.mlejnekconsulting.com\/?page_id=3659"},"modified":"2023-01-04T11:17:05","modified_gmt":"2023-01-04T10:17:05","slug":"zabezpeceni-site","status":"publish","type":"page","link":"https:\/\/web4.mlejnekconsulting.com\/en\/zabezpeceni-site\/","title":{"rendered":"Zabezpe\u010den\u00ed s\u00edt\u011b"},"content":{"rendered":"<div data-elementor-type=\"wp-page\" data-elementor-id=\"3659\" class=\"elementor elementor-3659\" data-elementor-post-type=\"page\">\n\t\t\t\t\t\t<section class=\"elementor-section elementor-top-section elementor-element elementor-element-8dfeeb4 elementor-section-boxed elementor-section-height-default elementor-section-height-default\" data-id=\"8dfeeb4\" data-element_type=\"section\" data-e-type=\"section\">\n\t\t\t\t\t\t<div class=\"elementor-container elementor-column-gap-default\">\n\t\t\t\t\t<div class=\"elementor-column elementor-col-100 elementor-top-column elementor-element elementor-element-9c5ddfb\" data-id=\"9c5ddfb\" data-element_type=\"column\" data-e-type=\"column\">\n\t\t\t<div class=\"elementor-widget-wrap elementor-element-populated\">\n\t\t\t\t\t\t<div class=\"elementor-element elementor-element-97b3d74 elementor-widget elementor-widget-heading\" data-id=\"97b3d74\" data-element_type=\"widget\" data-e-type=\"widget\" data-widget_type=\"heading.default\">\n\t\t\t\t<div class=\"elementor-widget-container\">\n\t\t\t\t\t<h2 class=\"elementor-heading-title elementor-size-default\">Zabezpe\u010den\u00ed s\u00edt\u011b<\/h2>\t\t\t\t<\/div>\n\t\t\t\t<\/div>\n\t\t\t\t\t<\/div>\n\t\t<\/div>\n\t\t\t\t\t<\/div>\n\t\t<\/section>\n\t\t\t\t<\/div>","protected":false},"excerpt":{"rendered":"<p>Zabezpe\u010den\u00ed s\u00edt\u011b<\/p>","protected":false},"author":2,"featured_media":0,"parent":0,"menu_order":0,"comment_status":"closed","ping_status":"closed","template":"","meta":{"footnotes":""},"class_list":["post-3659","page","type-page","status-publish","hentry"],"_links":{"self":[{"href":"https:\/\/web4.mlejnekconsulting.com\/en\/wp-json\/wp\/v2\/pages\/3659","targetHints":{"allow":["GET"]}}],"collection":[{"href":"https:\/\/web4.mlejnekconsulting.com\/en\/wp-json\/wp\/v2\/pages"}],"about":[{"href":"https:\/\/web4.mlejnekconsulting.com\/en\/wp-json\/wp\/v2\/types\/page"}],"author":[{"embeddable":true,"href":"https:\/\/web4.mlejnekconsulting.com\/en\/wp-json\/wp\/v2\/users\/2"}],"replies":[{"embeddable":true,"href":"https:\/\/web4.mlejnekconsulting.com\/en\/wp-json\/wp\/v2\/comments?post=3659"}],"version-history":[{"count":4,"href":"https:\/\/web4.mlejnekconsulting.com\/en\/wp-json\/wp\/v2\/pages\/3659\/revisions"}],"predecessor-version":[{"id":3663,"href":"https:\/\/web4.mlejnekconsulting.com\/en\/wp-json\/wp\/v2\/pages\/3659\/revisions\/3663"}],"wp:attachment":[{"href":"https:\/\/web4.mlejnekconsulting.com\/en\/wp-json\/wp\/v2\/media?parent=3659"}],"curies":[{"name":"wp","href":"https:\/\/api.w.org\/{rel}","templated":true}]}}