{"id":2067,"date":"2021-07-01T09:42:35","date_gmt":"2021-07-01T07:42:35","guid":{"rendered":"https:\/\/web4.mlejnekconsulting.com\/?page_id=2067"},"modified":"2022-08-17T16:30:23","modified_gmt":"2022-08-17T14:30:23","slug":"mc-cloud","status":"publish","type":"page","link":"https:\/\/web4.mlejnekconsulting.com\/en\/mc-cloud\/","title":{"rendered":"MC Cloud"},"content":{"rendered":"<div data-elementor-type=\"wp-page\" data-elementor-id=\"2067\" class=\"elementor elementor-2067\" data-elementor-post-type=\"page\">\n\t\t\t\t\t\t<section class=\"elementor-section elementor-top-section elementor-element elementor-element-e68d07c elementor-section-stretched elementor-section-boxed elementor-section-height-default elementor-section-height-default\" data-id=\"e68d07c\" data-element_type=\"section\" data-e-type=\"section\" data-settings=\"{&quot;stretch_section&quot;:&quot;section-stretched&quot;,&quot;background_background&quot;:&quot;classic&quot;}\">\n\t\t\t\t\t\t<div class=\"elementor-container elementor-column-gap-wider\">\n\t\t\t\t\t<div class=\"elementor-column elementor-col-100 elementor-top-column elementor-element elementor-element-71673ce\" data-id=\"71673ce\" data-element_type=\"column\" data-e-type=\"column\" data-settings=\"{&quot;background_background&quot;:&quot;classic&quot;}\">\n\t\t\t<div class=\"elementor-widget-wrap elementor-element-populated\">\n\t\t\t\t\t\t<div class=\"elementor-element elementor-element-80b8342 elementor-widget elementor-widget-text-editor\" data-id=\"80b8342\" data-element_type=\"widget\" data-e-type=\"widget\" data-widget_type=\"text-editor.default\">\n\t\t\t\t<div class=\"elementor-widget-container\">\n\t\t\t\t\t\t\t\t\t<h1><strong>MC Cloud<\/strong><\/h1>\t\t\t\t\t\t\t\t<\/div>\n\t\t\t\t<\/div>\n\t\t\t\t<div class=\"elementor-element elementor-element-905101f elementor-widget elementor-widget-text-editor\" data-id=\"905101f\" data-element_type=\"widget\" data-e-type=\"widget\" data-widget_type=\"text-editor.default\">\n\t\t\t\t<div class=\"elementor-widget-container\">\n\t\t\t\t\t\t\t\t\t<p>After more than 10 years of managing cloud solutions, we have gained experience so that we can prepare a product for you that is ideal both in terms of services and security and simple administration.<\/p>\n<p>MC Cloud is hosted in one of the largest data centers in the Czech Republic, has one of the largest physical security and from the IT point of view meets the requirements for flexibility, security and maximally scalable services with the possibility of integrating products from various suppliers. We can integrate firewalls and Fortinet products as well as Mikrotik into our cloud.<\/p>\t\t\t\t\t\t\t\t<\/div>\n\t\t\t\t<\/div>\n\t\t\t\t<div class=\"elementor-element elementor-element-df05a7e advantages elementor-widget elementor-widget-mfn_list\" data-id=\"df05a7e\" data-element_type=\"widget\" data-e-type=\"widget\" data-widget_type=\"mfn_list.default\">\n\t\t\t\t<div class=\"elementor-widget-container\">\n\t\t\t\t\t<div class=\"list_item lists_1 clearfix\"><div class=\"list_left list_icon\"><i class=\"fas fa-user-check\" aria-hidden=\"true\"><\/i><\/div><div class=\"list_right\"><h4 class=\"title\">Benefits of running in MC Cloud<\/h4><div class=\"desc\"><p><span style=\"font-weight: 400;\"><strong>+<\/strong> At least <strong>50-70 % cheaper than MS Azure<\/strong><\/span><\/p><p><span style=\"font-weight: 400;\"><strong>+<\/strong> 50% <strong>more efficient environment management than Google and Azure<\/strong><\/span><\/p><p><span style=\"font-weight: 400;\"><strong>+<\/strong>\u00a0Security according to customer requirements with <strong>VPN included in the price of the firewall<\/strong><\/span><\/p><p><span style=\"font-weight: 400;\">Easy license management including <strong>RDP for Windows servers<\/strong><\/span><\/p><p><span style=\"font-weight: 400;\"><strong>+<\/strong> Availability guarantee, possibility of redundancy to other data centers<\/span><\/p><p><span style=\"font-weight: 400;\"><strong>+\u00a0<\/strong>Guarantee of reaction time according to the service contract<\/span><\/p><\/div><\/div><\/div>\n\t\t\t\t<\/div>\n\t\t\t\t<\/div>\n\t\t\t\t<div class=\"elementor-element elementor-element-e638a68 advantages elementor-widget elementor-widget-mfn_list\" data-id=\"e638a68\" data-element_type=\"widget\" data-e-type=\"widget\" data-widget_type=\"mfn_list.default\">\n\t\t\t\t<div class=\"elementor-widget-container\">\n\t\t\t\t\t<div class=\"list_item lists_1 clearfix\"><div class=\"list_left list_icon\"><i class=\"fas fa-user-plus\" aria-hidden=\"true\"><\/i><\/div><div class=\"list_right\"><h4 class=\"title\">What we will provide for you together with MC Cloud<\/h4><div class=\"desc\"><p><span style=\"font-weight: 400;\"><strong>+<\/strong> We will do a Needs Analysis and <strong>choose the optimal solution<\/strong><\/span><\/p><p><span style=\"font-weight: 400;\"><strong>+<\/strong> <strong>We will prepare the cloud, including security, <\/strong>connection to your company\u00a0<\/span><\/p><p><span style=\"font-weight: 400;\"><strong>+ <\/strong>We will regularly test your cloud with <strong>penetration tests\u00a0<\/strong><\/span><\/p><p><span style=\"font-weight: 400;\"><strong>+\u00a0<\/strong>We provide optimal<strong> internet connection<\/strong><\/span><\/p><p><span style=\"font-weight: 400;\"><strong>+<\/strong>\u00a0<strong>We optimize the price,<\/strong> evaluate the settings and use<\/span><\/p><p><span style=\"font-weight: 400;\"><strong>+<\/strong>\u00a0<strong>We provide support and quick configuration changes,<\/strong> including changes to network settings<\/span><\/p><p><span style=\"font-weight: 400;\"><strong>+<\/strong> <strong>We will create <\/strong>an environment including servers<strong> and test it,<\/strong> hand it over functional<\/span><\/p><p><span style=\"font-weight: 400;\"><strong>+<\/strong> We will back up your data regularly. <strong>The data will be safe with us<\/strong><\/span><\/p><\/div><\/div><\/div>\n\t\t\t\t<\/div>\n\t\t\t\t<\/div>\n\t\t\t\t<div class=\"elementor-element elementor-element-b0cbb27 elementor-widget elementor-widget-text-editor\" data-id=\"b0cbb27\" data-element_type=\"widget\" data-e-type=\"widget\" data-widget_type=\"text-editor.default\">\n\t\t\t\t<div class=\"elementor-widget-container\">\n\t\t\t\t\t\t\t\t\t<h4><span style=\"font-weight: 400;\">Leave the responsibility for your IT infrastructure to us and use the saved time <br \/>and money for your business growth<\/span><\/h4>\t\t\t\t\t\t\t\t<\/div>\n\t\t\t\t<\/div>\n\t\t\t\t<section class=\"elementor-section elementor-inner-section elementor-element elementor-element-ad3fc60 elementor-section-boxed elementor-section-height-default elementor-section-height-default\" data-id=\"ad3fc60\" data-element_type=\"section\" data-e-type=\"section\">\n\t\t\t\t\t\t<div class=\"elementor-container elementor-column-gap-default\">\n\t\t\t\t\t<div class=\"elementor-column elementor-col-100 elementor-inner-column elementor-element elementor-element-ebd1ced\" data-id=\"ebd1ced\" data-element_type=\"column\" data-e-type=\"column\">\n\t\t\t<div class=\"elementor-widget-wrap elementor-element-populated\">\n\t\t\t\t\t\t<div class=\"elementor-element elementor-element-d7bee86 elementor-align-center elementor-mobile-align-center elementor-widget elementor-widget-button\" data-id=\"d7bee86\" data-element_type=\"widget\" data-e-type=\"widget\" data-widget_type=\"button.default\">\n\t\t\t\t<div class=\"elementor-widget-container\">\n\t\t\t\t\t\t\t\t\t<div class=\"elementor-button-wrapper\">\n\t\t\t\t\t<a class=\"elementor-button elementor-button-link elementor-size-sm\" href=\"https:\/\/web4.mlejnekconsulting.com\/en\/kontakt\/\">\n\t\t\t\t\t\t<span class=\"elementor-button-content-wrapper\">\n\t\t\t\t\t\t\t\t\t<span class=\"elementor-button-text\">I want a custom outsourcing<\/span>\n\t\t\t\t\t<\/span>\n\t\t\t\t\t<\/a>\n\t\t\t\t<\/div>\n\t\t\t\t\t\t\t\t<\/div>\n\t\t\t\t<\/div>\n\t\t\t\t\t<\/div>\n\t\t<\/div>\n\t\t\t\t\t<\/div>\n\t\t<\/section>\n\t\t\t\t\t<\/div>\n\t\t<\/div>\n\t\t\t\t\t<\/div>\n\t\t<\/section>\n\t\t\t\t<\/div>","protected":false},"excerpt":{"rendered":"<p>MC Cloud Po v\u00edce jak 10 letech spr\u00e1vy cloudov\u00fdch \u0159e\u0161en\u00ed jsme na\u010derpali zku\u0161enosti, abychom pro v\u00e1s mohli p\u0159ipravit produkt, kter\u00fd je ide\u00e1ln\u00ed jak z pohledu slu\u017eeb,<span class=\"excerpt-hellip\"> [\u2026]<\/span><\/p>\n","protected":false},"author":2,"featured_media":0,"parent":0,"menu_order":0,"comment_status":"closed","ping_status":"closed","template":"elementor_header_footer","meta":{"footnotes":""},"class_list":["post-2067","page","type-page","status-publish","hentry"],"_links":{"self":[{"href":"https:\/\/web4.mlejnekconsulting.com\/en\/wp-json\/wp\/v2\/pages\/2067","targetHints":{"allow":["GET"]}}],"collection":[{"href":"https:\/\/web4.mlejnekconsulting.com\/en\/wp-json\/wp\/v2\/pages"}],"about":[{"href":"https:\/\/web4.mlejnekconsulting.com\/en\/wp-json\/wp\/v2\/types\/page"}],"author":[{"embeddable":true,"href":"https:\/\/web4.mlejnekconsulting.com\/en\/wp-json\/wp\/v2\/users\/2"}],"replies":[{"embeddable":true,"href":"https:\/\/web4.mlejnekconsulting.com\/en\/wp-json\/wp\/v2\/comments?post=2067"}],"version-history":[{"count":40,"href":"https:\/\/web4.mlejnekconsulting.com\/en\/wp-json\/wp\/v2\/pages\/2067\/revisions"}],"predecessor-version":[{"id":3613,"href":"https:\/\/web4.mlejnekconsulting.com\/en\/wp-json\/wp\/v2\/pages\/2067\/revisions\/3613"}],"wp:attachment":[{"href":"https:\/\/web4.mlejnekconsulting.com\/en\/wp-json\/wp\/v2\/media?parent=2067"}],"curies":[{"name":"wp","href":"https:\/\/api.w.org\/{rel}","templated":true}]}}