{"id":2066,"date":"2021-07-01T09:06:58","date_gmt":"2021-07-01T07:06:58","guid":{"rendered":"https:\/\/web4.mlejnekconsulting.com\/?page_id=2066"},"modified":"2022-08-17T16:29:53","modified_gmt":"2022-08-17T14:29:53","slug":"managed-it","status":"publish","type":"page","link":"https:\/\/web4.mlejnekconsulting.com\/en\/managed-it\/","title":{"rendered":"Managed IT"},"content":{"rendered":"<div data-elementor-type=\"wp-page\" data-elementor-id=\"2066\" class=\"elementor elementor-2066\" data-elementor-post-type=\"page\">\n\t\t\t\t\t\t<section class=\"elementor-section elementor-top-section elementor-element elementor-element-e68d07c elementor-section-stretched elementor-section-boxed elementor-section-height-default elementor-section-height-default\" data-id=\"e68d07c\" data-element_type=\"section\" data-e-type=\"section\" data-settings=\"{&quot;stretch_section&quot;:&quot;section-stretched&quot;,&quot;background_background&quot;:&quot;classic&quot;}\">\n\t\t\t\t\t\t<div class=\"elementor-container elementor-column-gap-wider\">\n\t\t\t\t\t<div class=\"elementor-column elementor-col-100 elementor-top-column elementor-element elementor-element-71673ce\" data-id=\"71673ce\" data-element_type=\"column\" data-e-type=\"column\" data-settings=\"{&quot;background_background&quot;:&quot;classic&quot;}\">\n\t\t\t<div class=\"elementor-widget-wrap elementor-element-populated\">\n\t\t\t\t\t\t<div class=\"elementor-element elementor-element-80b8342 elementor-widget elementor-widget-text-editor\" data-id=\"80b8342\" data-element_type=\"widget\" data-e-type=\"widget\" data-widget_type=\"text-editor.default\">\n\t\t\t\t<div class=\"elementor-widget-container\">\n\t\t\t\t\t\t\t\t\t<h1><strong>Managed IT<\/strong><\/h1>\t\t\t\t\t\t\t\t<\/div>\n\t\t\t\t<\/div>\n\t\t\t\t<div class=\"elementor-element elementor-element-905101f elementor-widget elementor-widget-text-editor\" data-id=\"905101f\" data-element_type=\"widget\" data-e-type=\"widget\" data-widget_type=\"text-editor.default\">\n\t\t\t\t<div class=\"elementor-widget-container\">\n\t\t\t\t\t\t\t\t\t<p><span style=\"font-weight: 400;\">IT outsourcing in our terms is a long-term relationship between the customer and the IT administrator. Together we improve the IT environment and the functioning of the entire company. We are always based on your specific needs and the scope of services we provide is tailored to make everything work as a whole. We involve you in the design and creation of the infrastructure from the start<\/span> <span style=\"font-weight: 400;\">so you know what's going on and where your money is going at all times.<\/span><\/p>\t\t\t\t\t\t\t\t<\/div>\n\t\t\t\t<\/div>\n\t\t\t\t<div class=\"elementor-element elementor-element-df05a7e advantages elementor-widget elementor-widget-mfn_list\" data-id=\"df05a7e\" data-element_type=\"widget\" data-e-type=\"widget\" data-widget_type=\"mfn_list.default\">\n\t\t\t\t<div class=\"elementor-widget-container\">\n\t\t\t\t\t<div class=\"list_item lists_1 clearfix\"><div class=\"list_left list_icon\"><i class=\"fas fa-user-check\" aria-hidden=\"true\"><\/i><\/div><div class=\"list_right\"><h4 class=\"title\">Benefits of IT outsourcing<\/h4><div class=\"desc\"><p><span style=\"font-weight: 400;\"><strong>+<\/strong> You don't need to take care of anything. We will solve all your ICT problems\u00a0<\/span><\/p><p><span style=\"font-weight: 400;\"><strong>+<\/strong> Your IT infrastructure will be overseen by a group of coordinated professionals\u00a0<\/span><\/p><p><span style=\"font-weight: 400;\"><strong>+<\/strong> <strong>You will save unnecessary costs<\/strong> for the operation of IT section\u00a0<\/span><\/p><p><span style=\"font-weight: 400;\"><strong>+<\/strong> Reaction time in accordance with service contract guaranteed<\/span><\/p><\/div><\/div><\/div>\n\t\t\t\t<\/div>\n\t\t\t\t<\/div>\n\t\t\t\t<div class=\"elementor-element elementor-element-e638a68 advantages elementor-widget elementor-widget-mfn_list\" data-id=\"e638a68\" data-element_type=\"widget\" data-e-type=\"widget\" data-widget_type=\"mfn_list.default\">\n\t\t\t\t<div class=\"elementor-widget-container\">\n\t\t\t\t\t<div class=\"list_item lists_1 clearfix\"><div class=\"list_left list_icon\"><i class=\"fas fa-user-plus\" aria-hidden=\"true\"><\/i><\/div><div class=\"list_right\"><h4 class=\"title\">What will we do for you<\/h4><div class=\"desc\"><p><span style=\"font-weight: 400;\"><strong>+<\/strong> We'll provide you a custom hardware and software sollution\u00a0<\/span><\/p><p><span style=\"font-weight: 400;\"><strong>+<\/strong> We'll prevent long outages and ensure the running of your computers, servers, printers and IT systems\u00a0<\/span><\/p><p><span style=\"font-weight: 400;\"><strong>+<\/strong> We'll provide you with expert advice\u00a0\u00a0<\/span><\/p><p><span style=\"font-weight: 400;\"><strong>+<\/strong> We'll help you improve processes and ICT operating costs\u00a0<\/span><\/p><p><span style=\"font-weight: 400;\"><strong>+<\/strong> We'll teach you, <\/span><span style=\"font-weight: 400;\">how to effectively <\/span><span style=\"font-weight: 400;\">use<\/span> <span style=\"font-weight: 400;\">IT\u00a0<\/span><\/p><p><span style=\"font-weight: 400;\"><strong>+<\/strong> We'll perform a security audit in accordance with GDPR and recommend a procedure of sollutions for identified deficiencies\u00a0<\/span><\/p><p><span style=\"font-weight: 400;\"><strong>+<\/strong> Your data will be regularly backed up <\/span><\/p><\/div><\/div><\/div>\n\t\t\t\t<\/div>\n\t\t\t\t<\/div>\n\t\t\t\t<div class=\"elementor-element elementor-element-b0cbb27 elementor-widget elementor-widget-text-editor\" data-id=\"b0cbb27\" data-element_type=\"widget\" data-e-type=\"widget\" data-widget_type=\"text-editor.default\">\n\t\t\t\t<div class=\"elementor-widget-container\">\n\t\t\t\t\t\t\t\t\t<h4><span style=\"font-weight: 400;\">Leave the responsibility for your IT infrastructure to us and use the saved time <br \/>and money for your business growth<\/span><\/h4>\t\t\t\t\t\t\t\t<\/div>\n\t\t\t\t<\/div>\n\t\t\t\t<section class=\"elementor-section elementor-inner-section elementor-element elementor-element-ad3fc60 elementor-section-boxed elementor-section-height-default elementor-section-height-default\" data-id=\"ad3fc60\" data-element_type=\"section\" data-e-type=\"section\">\n\t\t\t\t\t\t<div class=\"elementor-container elementor-column-gap-default\">\n\t\t\t\t\t<div class=\"elementor-column elementor-col-100 elementor-inner-column elementor-element elementor-element-ebd1ced\" data-id=\"ebd1ced\" data-element_type=\"column\" data-e-type=\"column\">\n\t\t\t<div class=\"elementor-widget-wrap elementor-element-populated\">\n\t\t\t\t\t\t<div class=\"elementor-element elementor-element-d7bee86 elementor-align-center elementor-mobile-align-center elementor-widget elementor-widget-button\" data-id=\"d7bee86\" data-element_type=\"widget\" data-e-type=\"widget\" data-widget_type=\"button.default\">\n\t\t\t\t<div class=\"elementor-widget-container\">\n\t\t\t\t\t\t\t\t\t<div class=\"elementor-button-wrapper\">\n\t\t\t\t\t<a class=\"elementor-button elementor-button-link elementor-size-sm\" href=\"https:\/\/web4.mlejnekconsulting.com\/en\/kontakt\/\">\n\t\t\t\t\t\t<span class=\"elementor-button-content-wrapper\">\n\t\t\t\t\t\t\t\t\t<span class=\"elementor-button-text\">I want a custom outsourcing<\/span>\n\t\t\t\t\t<\/span>\n\t\t\t\t\t<\/a>\n\t\t\t\t<\/div>\n\t\t\t\t\t\t\t\t<\/div>\n\t\t\t\t<\/div>\n\t\t\t\t\t<\/div>\n\t\t<\/div>\n\t\t\t\t\t<\/div>\n\t\t<\/section>\n\t\t\t\t\t<\/div>\n\t\t<\/div>\n\t\t\t\t\t<\/div>\n\t\t<\/section>\n\t\t\t\t<\/div>","protected":false},"excerpt":{"rendered":"<p>Managed IT IT outsourcing je v na\u0161em pod\u00e1n\u00ed dlouhodob\u00fd vztah z\u00e1kazn\u00edka a IT spr\u00e1vce. Spole\u010dn\u011b zlep\u0161ujeme IT prost\u0159ed\u00ed a fungov\u00e1n\u00ed cel\u00e9 spole\u010dnosti. V\u017edy vych\u00e1z\u00edme z va\u0161ich<span class=\"excerpt-hellip\"> [\u2026]<\/span><\/p>\n","protected":false},"author":2,"featured_media":0,"parent":0,"menu_order":0,"comment_status":"closed","ping_status":"closed","template":"elementor_header_footer","meta":{"footnotes":""},"class_list":["post-2066","page","type-page","status-publish","hentry"],"_links":{"self":[{"href":"https:\/\/web4.mlejnekconsulting.com\/en\/wp-json\/wp\/v2\/pages\/2066","targetHints":{"allow":["GET"]}}],"collection":[{"href":"https:\/\/web4.mlejnekconsulting.com\/en\/wp-json\/wp\/v2\/pages"}],"about":[{"href":"https:\/\/web4.mlejnekconsulting.com\/en\/wp-json\/wp\/v2\/types\/page"}],"author":[{"embeddable":true,"href":"https:\/\/web4.mlejnekconsulting.com\/en\/wp-json\/wp\/v2\/users\/2"}],"replies":[{"embeddable":true,"href":"https:\/\/web4.mlejnekconsulting.com\/en\/wp-json\/wp\/v2\/comments?post=2066"}],"version-history":[{"count":13,"href":"https:\/\/web4.mlejnekconsulting.com\/en\/wp-json\/wp\/v2\/pages\/2066\/revisions"}],"predecessor-version":[{"id":3610,"href":"https:\/\/web4.mlejnekconsulting.com\/en\/wp-json\/wp\/v2\/pages\/2066\/revisions\/3610"}],"wp:attachment":[{"href":"https:\/\/web4.mlejnekconsulting.com\/en\/wp-json\/wp\/v2\/media?parent=2066"}],"curies":[{"name":"wp","href":"https:\/\/api.w.org\/{rel}","templated":true}]}}