{"id":2062,"date":"2021-07-01T08:59:41","date_gmt":"2021-07-01T06:59:41","guid":{"rendered":"https:\/\/web4.mlejnekconsulting.com\/?page_id=2062"},"modified":"2022-08-17T16:27:35","modified_gmt":"2022-08-17T14:27:35","slug":"erp-system","status":"publish","type":"page","link":"https:\/\/web4.mlejnekconsulting.com\/en\/erp-system\/","title":{"rendered":"ERP syst\u00e9m"},"content":{"rendered":"<div data-elementor-type=\"wp-page\" data-elementor-id=\"2062\" class=\"elementor elementor-2062\" data-elementor-post-type=\"page\">\n\t\t\t\t\t\t<section class=\"elementor-section elementor-top-section elementor-element elementor-element-e68d07c elementor-section-stretched elementor-section-boxed elementor-section-height-default elementor-section-height-default\" data-id=\"e68d07c\" data-element_type=\"section\" data-e-type=\"section\" data-settings=\"{&quot;stretch_section&quot;:&quot;section-stretched&quot;,&quot;background_background&quot;:&quot;classic&quot;}\">\n\t\t\t\t\t\t<div class=\"elementor-container elementor-column-gap-wider\">\n\t\t\t\t\t<div class=\"elementor-column elementor-col-100 elementor-top-column elementor-element elementor-element-71673ce\" data-id=\"71673ce\" data-element_type=\"column\" data-e-type=\"column\" data-settings=\"{&quot;background_background&quot;:&quot;classic&quot;}\">\n\t\t\t<div class=\"elementor-widget-wrap elementor-element-populated\">\n\t\t\t\t\t\t<div class=\"elementor-element elementor-element-80b8342 elementor-widget elementor-widget-text-editor\" data-id=\"80b8342\" data-element_type=\"widget\" data-e-type=\"widget\" data-widget_type=\"text-editor.default\">\n\t\t\t\t<div class=\"elementor-widget-container\">\n\t\t\t\t\t\t\t\t\t<h1 style=\"font-style: normal; font-variant-caps: normal; letter-spacing: normal;\"><span style=\"font-weight: bold;\">ERP System implementation and administration<\/span><\/h1>\t\t\t\t\t\t\t\t<\/div>\n\t\t\t\t<\/div>\n\t\t\t\t<div class=\"elementor-element elementor-element-905101f elementor-widget elementor-widget-text-editor\" data-id=\"905101f\" data-element_type=\"widget\" data-e-type=\"widget\" data-widget_type=\"text-editor.default\">\n\t\t\t\t<div class=\"elementor-widget-container\">\n\t\t\t\t\t\t\t\t\t<p>During our 10-year experience we\u2019ve been taking care of plenty of ERP Systems from the IT administrator position. We\u2019ve seen a wide variety of companies from mercantile to production and other, and their various ERP implementation levels. As we were improving our knowledge in administration and ERP processes, we started helping with their implementation untill we came to two which we know the best. A team of certified consultants and managers is ready to help and furtherly implement one of the most advanced ERP system for you: Helios iNuvio.<\/p>\n<p>The biggest benefit from our company is that we will implement the ERP system completely from IT infrastructure, through accounting, market, and logistics to production. You will be sure that you can rely on us with support and solving an infrastructure or any other problem.<\/p>\t\t\t\t\t\t\t\t<\/div>\n\t\t\t\t<\/div>\n\t\t\t\t<div class=\"elementor-element elementor-element-df05a7e advantages elementor-widget elementor-widget-mfn_list\" data-id=\"df05a7e\" data-element_type=\"widget\" data-e-type=\"widget\" data-widget_type=\"mfn_list.default\">\n\t\t\t\t<div class=\"elementor-widget-container\">\n\t\t\t\t\t<div class=\"list_item lists_1 clearfix\"><div class=\"list_left list_icon\"><i class=\"fas fa-user-check\" aria-hidden=\"true\"><\/i><\/div><div class=\"list_right\"><h4 class=\"title\">ERP System implementation<\/h4><div class=\"desc\"><p><span style=\"font-weight: 400;\"><strong>+<\/strong> We'll analyse processes in your company and we'll design and implement ERP System HELIOS Orange<\/span><\/p><p><span style=\"font-weight: 400;\"><strong>+<\/strong> We'll ensure a data migration from the previous ERP system if it's into HELIOS iNuvio<\/span><\/p><p><span style=\"font-weight: 400;\"><strong>+<\/strong> <strong>You will save unnecessary costs<\/strong>\u00a0for unnecessary ERP modules and unfunctional implementations or processes\u00a0<\/span><\/p><p><span style=\"font-weight: 400;\"><strong>+<\/strong> We guarantee 100% functionality, exceptional communication skills of our team and data security on a new ERP<\/span><\/p><\/div><\/div><\/div>\n\t\t\t\t<\/div>\n\t\t\t\t<\/div>\n\t\t\t\t<div class=\"elementor-element elementor-element-e638a68 advantages elementor-widget elementor-widget-mfn_list\" data-id=\"e638a68\" data-element_type=\"widget\" data-e-type=\"widget\" data-widget_type=\"mfn_list.default\">\n\t\t\t\t<div class=\"elementor-widget-container\">\n\t\t\t\t\t<div class=\"list_item lists_1 clearfix\"><div class=\"list_left list_icon\"><i class=\"fas fa-user-plus\" aria-hidden=\"true\"><\/i><\/div><div class=\"list_right\"><h4 class=\"title\">ERP administration and customization<\/h4><div class=\"desc\"><p><span style=\"font-weight: 400;\"><strong>+ Our consultants are ready to provide support with HELIOS Orange or ABRA Gen ERP Systems<\/strong><\/span><\/p><p><span style=\"font-weight: 400;\"><strong>+\u00a0<\/strong>We will manage your system to be updated on the legislative as well as on the functional side<\/span><\/p><p><span style=\"font-weight: 400;\"><strong>+<\/strong> We'll prevent long-lasting outages and ensure the run of ERP System<\/span><\/p><p><span style=\"font-weight: 400;\"><strong>+<\/strong> We'll arrange a system backup<\/span><\/p><p><span style=\"font-weight: 400;\"><strong>+<\/strong> We'll deal with problems related to support processes<\/span><\/p><p><span style=\"font-weight: 400;\"><strong>+<\/strong> We'll teach you, <\/span><span style=\"font-weight: 400;\">how to effectively <\/span><span style=\"font-weight: 400;\">use<\/span> <span style=\"font-weight: 400;\">IT system and we''ll instruct new users\u00a0<\/span><\/p><p><span style=\"font-weight: 400;\"><strong>+<\/strong> We'll perform a security audit in accordance with GDPR and suggest a process of problem-solving<\/span><\/p><p><span style=\"font-weight: 400;\"><strong>+<\/strong> We'll set notifications and workflow processes<\/span><\/p><\/div><\/div><\/div>\n\t\t\t\t<\/div>\n\t\t\t\t<\/div>\n\t\t\t\t<div class=\"elementor-element elementor-element-b0cbb27 elementor-widget elementor-widget-text-editor\" data-id=\"b0cbb27\" data-element_type=\"widget\" data-e-type=\"widget\" data-widget_type=\"text-editor.default\">\n\t\t\t\t<div class=\"elementor-widget-container\">\n\t\t\t\t\t\t\t\t\t<h4><span style=\"font-weight: 400;\">Leave the responsibility for implementation and run of ERP to us and use the saved time <br \/>and money for your business growth<\/span><\/h4>\t\t\t\t\t\t\t\t<\/div>\n\t\t\t\t<\/div>\n\t\t\t\t<section class=\"elementor-section elementor-inner-section elementor-element elementor-element-ad3fc60 elementor-section-boxed elementor-section-height-default elementor-section-height-default\" data-id=\"ad3fc60\" data-element_type=\"section\" data-e-type=\"section\">\n\t\t\t\t\t\t<div class=\"elementor-container elementor-column-gap-default\">\n\t\t\t\t\t<div class=\"elementor-column elementor-col-100 elementor-inner-column elementor-element elementor-element-ebd1ced\" data-id=\"ebd1ced\" data-element_type=\"column\" data-e-type=\"column\">\n\t\t\t<div class=\"elementor-widget-wrap elementor-element-populated\">\n\t\t\t\t\t\t<div class=\"elementor-element elementor-element-d7bee86 elementor-align-center elementor-mobile-align-center elementor-widget elementor-widget-button\" data-id=\"d7bee86\" data-element_type=\"widget\" data-e-type=\"widget\" data-widget_type=\"button.default\">\n\t\t\t\t<div class=\"elementor-widget-container\">\n\t\t\t\t\t\t\t\t\t<div class=\"elementor-button-wrapper\">\n\t\t\t\t\t<a class=\"elementor-button elementor-button-link elementor-size-sm\" href=\"https:\/\/web4.mlejnekconsulting.com\/en\/kontakt\/\">\n\t\t\t\t\t\t<span class=\"elementor-button-content-wrapper\">\n\t\t\t\t\t\t\t\t\t<span class=\"elementor-button-text\">I want a custom outsourcing<\/span>\n\t\t\t\t\t<\/span>\n\t\t\t\t\t<\/a>\n\t\t\t\t<\/div>\n\t\t\t\t\t\t\t\t<\/div>\n\t\t\t\t<\/div>\n\t\t\t\t\t<\/div>\n\t\t<\/div>\n\t\t\t\t\t<\/div>\n\t\t<\/section>\n\t\t\t\t\t<\/div>\n\t\t<\/div>\n\t\t\t\t\t<\/div>\n\t\t<\/section>\n\t\t\t\t<\/div>","protected":false},"excerpt":{"rendered":"<p>Spr\u00e1va a Implementace ERP syst\u00e9mu Za v\u00edce ne\u017e 10 let na\u0161eho p\u016fsoben\u00ed v IT jsme se starali z pozice IT spr\u00e1vce o mnoho ERP Syst\u00e9m\u016f, vid\u011bli<span class=\"excerpt-hellip\"> [\u2026]<\/span><\/p>\n","protected":false},"author":2,"featured_media":0,"parent":0,"menu_order":0,"comment_status":"closed","ping_status":"closed","template":"elementor_header_footer","meta":{"footnotes":""},"class_list":["post-2062","page","type-page","status-publish","hentry"],"_links":{"self":[{"href":"https:\/\/web4.mlejnekconsulting.com\/en\/wp-json\/wp\/v2\/pages\/2062","targetHints":{"allow":["GET"]}}],"collection":[{"href":"https:\/\/web4.mlejnekconsulting.com\/en\/wp-json\/wp\/v2\/pages"}],"about":[{"href":"https:\/\/web4.mlejnekconsulting.com\/en\/wp-json\/wp\/v2\/types\/page"}],"author":[{"embeddable":true,"href":"https:\/\/web4.mlejnekconsulting.com\/en\/wp-json\/wp\/v2\/users\/2"}],"replies":[{"embeddable":true,"href":"https:\/\/web4.mlejnekconsulting.com\/en\/wp-json\/wp\/v2\/comments?post=2062"}],"version-history":[{"count":40,"href":"https:\/\/web4.mlejnekconsulting.com\/en\/wp-json\/wp\/v2\/pages\/2062\/revisions"}],"predecessor-version":[{"id":3598,"href":"https:\/\/web4.mlejnekconsulting.com\/en\/wp-json\/wp\/v2\/pages\/2062\/revisions\/3598"}],"wp:attachment":[{"href":"https:\/\/web4.mlejnekconsulting.com\/en\/wp-json\/wp\/v2\/media?parent=2062"}],"curies":[{"name":"wp","href":"https:\/\/api.w.org\/{rel}","templated":true}]}}